{"id":110,"date":"2021-06-28T12:29:13","date_gmt":"2021-06-28T12:29:13","guid":{"rendered":"https:\/\/annalenastaxi.se\/?page_id=110"},"modified":"2025-03-13T08:17:22","modified_gmt":"2025-03-13T08:17:22","slug":"boka-taxi-oland-2","status":"publish","type":"page","link":"https:\/\/annalenastaxi.se\/?page_id=110","title":{"rendered":"Kontaktformul\u00e4r"},"content":{"rendered":"<p>[et_pb_section fb_built=&#8221;1&#8243; _builder_version=&#8221;4.16&#8243; _module_preset=&#8221;default&#8221; background_image=&#8221;https:\/\/annalenastaxi.se\/wp-content\/uploads\/2021\/06\/Snip20210628_7.png&#8221; background_position=&#8221;bottom_center&#8221; min_height=&#8221;259px&#8221; global_colors_info=&#8221;{}&#8221;][et_pb_row column_structure=&#8221;1_2,1_2&#8243; _builder_version=&#8221;4.16&#8243; _module_preset=&#8221;default&#8221; global_colors_info=&#8221;{}&#8221;][et_pb_column type=&#8221;1_2&#8243; _builder_version=&#8221;4.16&#8243; _module_preset=&#8221;default&#8221; global_colors_info=&#8221;{}&#8221;][\/et_pb_column][et_pb_column type=&#8221;1_2&#8243; _builder_version=&#8221;4.16&#8243; _module_preset=&#8221;default&#8221; global_colors_info=&#8221;{}&#8221;][\/et_pb_column][\/et_pb_row][\/et_pb_section][et_pb_section fb_built=&#8221;1&#8243; _builder_version=&#8221;4.16&#8243; _module_preset=&#8221;default&#8221; min_height=&#8221;531.4px&#8221; global_colors_info=&#8221;{}&#8221;][et_pb_row column_structure=&#8221;1_2,1_2&#8243; _builder_version=&#8221;4.16&#8243; _module_preset=&#8221;default&#8221; global_colors_info=&#8221;{}&#8221;][et_pb_column type=&#8221;1_2&#8243; _builder_version=&#8221;4.16&#8243; _module_preset=&#8221;default&#8221; global_colors_info=&#8221;{}&#8221;][et_pb_text disabled_on=&#8221;off|off|on&#8221; _builder_version=&#8221;4.16&#8243; _module_preset=&#8221;default&#8221; global_colors_info=&#8221;{}&#8221;]<\/p>\n<h2>V\u00e4lkommen att boka er resa med oss!<\/h2>\n<p>&nbsp;<\/p>\n<p>Vi k\u00f6r er \u00f6ver hela \u00d6land och st\u00e5r redo att ta er ditt ni vill. Boka g\u00e4rna innan f\u00f6r att vi skall kunna ge den b\u00e4sta servicen.<\/p>\n<p>[\/et_pb_text][et_pb_text disabled_on=&#8221;off|off|on&#8221; _builder_version=&#8221;4.16&#8243; _module_preset=&#8221;default&#8221; global_colors_info=&#8221;{}&#8221;]<\/p>\n<h1 style=\"text-align: center;\">Ring oss p\u00e5<\/h1>\n<h1 style=\"text-align: center;\"><a href=\"callto:0485565510\">0485-565510<\/a><\/h1>\n<p>[\/et_pb_text][et_pb_contact_form email=&#8221;annalenas.taxi@gmail.com&#8221; success_message=&#8221;Tack f\u00f6r ditt meddelande. Vi \u00e5terkommer s\u00e5 snart vi l\u00e4st det.&#8221; _builder_version=&#8221;4.27.4&#8243; _module_preset=&#8221;default&#8221; _unique_id=&#8221;ab31972d-419c-4f3d-8d18-a957bafc303c&#8221; hover_enabled=&#8221;0&#8243; global_colors_info=&#8221;{}&#8221; disabled_on=&#8221;on|on|on&#8221; disabled=&#8221;on&#8221; sticky_enabled=&#8221;0&#8243;][et_pb_contact_field field_id=&#8221;Name&#8221; field_title=&#8221;Namn&#8221; _builder_version=&#8221;4.16&#8243; global_colors_info=&#8221;{}&#8221; button_text_size__hover_enabled=&#8221;off&#8221; button_one_text_size__hover_enabled=&#8221;off&#8221; button_two_text_size__hover_enabled=&#8221;off&#8221; button_text_color__hover_enabled=&#8221;off&#8221; button_one_text_color__hover_enabled=&#8221;off&#8221; button_two_text_color__hover_enabled=&#8221;off&#8221; button_border_width__hover_enabled=&#8221;off&#8221; button_one_border_width__hover_enabled=&#8221;off&#8221; button_two_border_width__hover_enabled=&#8221;off&#8221; button_border_color__hover_enabled=&#8221;off&#8221; button_one_border_color__hover_enabled=&#8221;off&#8221; button_two_border_color__hover_enabled=&#8221;off&#8221; button_border_radius__hover_enabled=&#8221;off&#8221; button_one_border_radius__hover_enabled=&#8221;off&#8221; button_two_border_radius__hover_enabled=&#8221;off&#8221; button_letter_spacing__hover_enabled=&#8221;off&#8221; button_one_letter_spacing__hover_enabled=&#8221;off&#8221; button_two_letter_spacing__hover_enabled=&#8221;off&#8221; button_bg_color__hover_enabled=&#8221;off&#8221; button_one_bg_color__hover_enabled=&#8221;off&#8221; button_two_bg_color__hover_enabled=&#8221;off&#8221;][\/et_pb_contact_field][et_pb_contact_field field_id=&#8221;Email&#8221; field_title=&#8221;E-postadress&#8221; field_type=&#8221;email&#8221; _builder_version=&#8221;4.16&#8243; global_colors_info=&#8221;{}&#8221; button_text_size__hover_enabled=&#8221;off&#8221; button_one_text_size__hover_enabled=&#8221;off&#8221; button_two_text_size__hover_enabled=&#8221;off&#8221; button_text_color__hover_enabled=&#8221;off&#8221; button_one_text_color__hover_enabled=&#8221;off&#8221; button_two_text_color__hover_enabled=&#8221;off&#8221; button_border_width__hover_enabled=&#8221;off&#8221; button_one_border_width__hover_enabled=&#8221;off&#8221; button_two_border_width__hover_enabled=&#8221;off&#8221; button_border_color__hover_enabled=&#8221;off&#8221; button_one_border_color__hover_enabled=&#8221;off&#8221; button_two_border_color__hover_enabled=&#8221;off&#8221; button_border_radius__hover_enabled=&#8221;off&#8221; button_one_border_radius__hover_enabled=&#8221;off&#8221; button_two_border_radius__hover_enabled=&#8221;off&#8221; button_letter_spacing__hover_enabled=&#8221;off&#8221; button_one_letter_spacing__hover_enabled=&#8221;off&#8221; button_two_letter_spacing__hover_enabled=&#8221;off&#8221; button_bg_color__hover_enabled=&#8221;off&#8221; button_one_bg_color__hover_enabled=&#8221;off&#8221; button_two_bg_color__hover_enabled=&#8221;off&#8221;][\/et_pb_contact_field][et_pb_contact_field field_id=&#8221;Telefonnummer&#8221; field_title=&#8221;Telefonnummer&#8221; fullwidth_field=&#8221;on&#8221; _builder_version=&#8221;4.16&#8243; _module_preset=&#8221;default&#8221; global_colors_info=&#8221;{}&#8221;][\/et_pb_contact_field][et_pb_contact_field field_id=&#8221;Hur_m\u00e5nga_vill_ni_\u00e5ka?&#8221; field_title=&#8221;Hur m\u00e5nga vill ni \u00e5ka?&#8221; fullwidth_field=&#8221;on&#8221; _builder_version=&#8221;4.16&#8243; _module_preset=&#8221;default&#8221; global_colors_info=&#8221;{}&#8221;][\/et_pb_contact_field][et_pb_contact_field field_id=&#8221;Message&#8221; field_title=&#8221;Meddelande&#8221; field_type=&#8221;text&#8221; fullwidth_field=&#8221;on&#8221; _builder_version=&#8221;4.16&#8243; global_colors_info=&#8221;{}&#8221; button_text_size__hover_enabled=&#8221;off&#8221; button_one_text_size__hover_enabled=&#8221;off&#8221; button_two_text_size__hover_enabled=&#8221;off&#8221; button_text_color__hover_enabled=&#8221;off&#8221; button_one_text_color__hover_enabled=&#8221;off&#8221; button_two_text_color__hover_enabled=&#8221;off&#8221; button_border_width__hover_enabled=&#8221;off&#8221; button_one_border_width__hover_enabled=&#8221;off&#8221; button_two_border_width__hover_enabled=&#8221;off&#8221; button_border_color__hover_enabled=&#8221;off&#8221; button_one_border_color__hover_enabled=&#8221;off&#8221; button_two_border_color__hover_enabled=&#8221;off&#8221; button_border_radius__hover_enabled=&#8221;off&#8221; button_one_border_radius__hover_enabled=&#8221;off&#8221; button_two_border_radius__hover_enabled=&#8221;off&#8221; button_letter_spacing__hover_enabled=&#8221;off&#8221; button_one_letter_spacing__hover_enabled=&#8221;off&#8221; button_two_letter_spacing__hover_enabled=&#8221;off&#8221; button_bg_color__hover_enabled=&#8221;off&#8221; button_one_bg_color__hover_enabled=&#8221;off&#8221; button_two_bg_color__hover_enabled=&#8221;off&#8221;][\/et_pb_contact_field][\/et_pb_contact_form][\/et_pb_column][et_pb_column type=&#8221;1_2&#8243; _builder_version=&#8221;4.16&#8243; _module_preset=&#8221;default&#8221; global_colors_info=&#8221;{}&#8221;][et_pb_text disabled_on=&#8221;on|on|off&#8221; _builder_version=&#8221;4.16&#8243; _module_preset=&#8221;default&#8221; global_colors_info=&#8221;{}&#8221;]<\/p>\n<h2>V\u00e4lkommen att boka er resa med oss!<\/h2>\n<p>&nbsp;<\/p>\n<p>Vi k\u00f6r er \u00f6ver hela \u00d6land och st\u00e5r redo att ta er ditt ni vill. Boka g\u00e4rna innan f\u00f6r att vi skall kunna ge den b\u00e4sta servicen.<\/p>\n<p>[\/et_pb_text][et_pb_text disabled_on=&#8221;on|on|off&#8221; _builder_version=&#8221;4.16&#8243; _module_preset=&#8221;default&#8221; global_colors_info=&#8221;{}&#8221;]<\/p>\n<h1>Ring oss p\u00e5 <a href=\"callto:0485565510\">0485-565510<\/a><\/h1>\n<p>[\/et_pb_text][et_pb_text _builder_version=&#8221;4.27.4&#8243; _module_preset=&#8221;default&#8221; hover_enabled=&#8221;0&#8243; sticky_enabled=&#8221;0&#8243;]<\/p>\n<h1>Eller maila oss p\u00e5 <a href=\"mailto:annalenas.taxi@gmail.com\">annalenas.taxi@gmail.com<\/a><\/h1>\n<p>&nbsp;<\/p>\n<p>[\/et_pb_text][\/et_pb_column][\/et_pb_row][\/et_pb_section]<\/p>\n","protected":false},"excerpt":{"rendered":"<p>V\u00e4lkommen att boka er resa med oss! &nbsp; Vi k\u00f6r er \u00f6ver hela \u00d6land och st\u00e5r redo att ta er ditt ni vill. Boka g\u00e4rna innan f\u00f6r att vi skall kunna ge den b\u00e4sta servicen.Ring oss p\u00e5 0485-565510V\u00e4lkommen att boka er resa med oss! &nbsp; Vi k\u00f6r er \u00f6ver hela \u00d6land och st\u00e5r redo att [&hellip;]<\/p>\n","protected":false},"author":1,"featured_media":0,"parent":0,"menu_order":0,"comment_status":"closed","ping_status":"closed","template":"","meta":{"_et_pb_use_builder":"on","_et_pb_old_content":"","_et_gb_content_width":"","footnotes":""},"class_list":["post-110","page","type-page","status-publish","hentry"],"yoast_head":"<!-- This site is optimized with the Yoast SEO plugin v24.6 - https:\/\/yoast.com\/wordpress\/plugins\/seo\/ -->\n<title>Boka Oss - +46 485-565510 - Till, p\u00e5 eller fr\u00e5n vackra \u00d6land.<\/title>\n<meta name=\"description\" content=\"H\u00e4r kan du boka din n\u00e4sta resa. Vi tar bokningar p\u00e5 hela \u00d6land och ni kan \u00e4ven f\u00f6rboka oss till era olika upplevelser.\" \/>\n<meta name=\"robots\" content=\"index, follow, max-snippet:-1, max-image-preview:large, max-video-preview:-1\" \/>\n<link rel=\"canonical\" href=\"https:\/\/annalenastaxi.se\/?page_id=110\" \/>\n<meta property=\"og:locale\" content=\"sv_SE\" \/>\n<meta property=\"og:type\" content=\"article\" \/>\n<meta property=\"og:title\" content=\"Boka Oss - +46 485-565510 - Till, p\u00e5 eller fr\u00e5n vackra \u00d6land.\" \/>\n<meta property=\"og:description\" content=\"H\u00e4r kan du boka din n\u00e4sta resa. Vi tar bokningar p\u00e5 hela \u00d6land och ni kan \u00e4ven f\u00f6rboka oss till era olika upplevelser.\" \/>\n<meta property=\"og:url\" content=\"https:\/\/annalenastaxi.se\/?page_id=110\" \/>\n<meta property=\"og:site_name\" content=\"Anna-Lenas Taxi\" \/>\n<meta property=\"article:modified_time\" content=\"2025-03-13T08:17:22+00:00\" \/>\n<meta name=\"twitter:card\" content=\"summary_large_image\" \/>\n<meta name=\"twitter:label1\" content=\"Ber\u00e4knad l\u00e4stid\" \/>\n\t<meta name=\"twitter:data1\" content=\"5 minuter\" \/>\n<script type=\"application\/ld+json\" class=\"yoast-schema-graph\">{\"@context\":\"https:\/\/schema.org\",\"@graph\":[{\"@type\":\"WebPage\",\"@id\":\"https:\/\/annalenastaxi.se\/?page_id=110\",\"url\":\"https:\/\/annalenastaxi.se\/?page_id=110\",\"name\":\"Boka Oss - +46 485-565510 - Till, p\u00e5 eller fr\u00e5n vackra \u00d6land.\",\"isPartOf\":{\"@id\":\"https:\/\/annalenastaxi.se\/#website\"},\"datePublished\":\"2021-06-28T12:29:13+00:00\",\"dateModified\":\"2025-03-13T08:17:22+00:00\",\"description\":\"H\u00e4r kan du boka din n\u00e4sta resa. Vi tar bokningar p\u00e5 hela \u00d6land och ni kan \u00e4ven f\u00f6rboka oss till era olika upplevelser.\",\"breadcrumb\":{\"@id\":\"https:\/\/annalenastaxi.se\/?page_id=110#breadcrumb\"},\"inLanguage\":\"sv-SE\",\"potentialAction\":[{\"@type\":\"ReadAction\",\"target\":[\"https:\/\/annalenastaxi.se\/?page_id=110\"]}]},{\"@type\":\"BreadcrumbList\",\"@id\":\"https:\/\/annalenastaxi.se\/?page_id=110#breadcrumb\",\"itemListElement\":[{\"@type\":\"ListItem\",\"position\":1,\"name\":\"Hem\",\"item\":\"https:\/\/annalenastaxi.se\/\"},{\"@type\":\"ListItem\",\"position\":2,\"name\":\"Kontaktformul\u00e4r\"}]},{\"@type\":\"WebSite\",\"@id\":\"https:\/\/annalenastaxi.se\/#website\",\"url\":\"https:\/\/annalenastaxi.se\/\",\"name\":\"Anna-Lenas Taxi\",\"description\":\"\",\"potentialAction\":[{\"@type\":\"SearchAction\",\"target\":{\"@type\":\"EntryPoint\",\"urlTemplate\":\"https:\/\/annalenastaxi.se\/?s={search_term_string}\"},\"query-input\":{\"@type\":\"PropertyValueSpecification\",\"valueRequired\":true,\"valueName\":\"search_term_string\"}}],\"inLanguage\":\"sv-SE\"}]}<\/script>\n<!-- \/ Yoast SEO plugin. -->","yoast_head_json":{"title":"Boka Oss - +46 485-565510 - Till, p\u00e5 eller fr\u00e5n vackra \u00d6land.","description":"H\u00e4r kan du boka din n\u00e4sta resa. Vi tar bokningar p\u00e5 hela \u00d6land och ni kan \u00e4ven f\u00f6rboka oss till era olika upplevelser.","robots":{"index":"index","follow":"follow","max-snippet":"max-snippet:-1","max-image-preview":"max-image-preview:large","max-video-preview":"max-video-preview:-1"},"canonical":"https:\/\/annalenastaxi.se\/?page_id=110","og_locale":"sv_SE","og_type":"article","og_title":"Boka Oss - +46 485-565510 - Till, p\u00e5 eller fr\u00e5n vackra \u00d6land.","og_description":"H\u00e4r kan du boka din n\u00e4sta resa. Vi tar bokningar p\u00e5 hela \u00d6land och ni kan \u00e4ven f\u00f6rboka oss till era olika upplevelser.","og_url":"https:\/\/annalenastaxi.se\/?page_id=110","og_site_name":"Anna-Lenas Taxi","article_modified_time":"2025-03-13T08:17:22+00:00","twitter_card":"summary_large_image","twitter_misc":{"Ber\u00e4knad l\u00e4stid":"5 minuter"},"schema":{"@context":"https:\/\/schema.org","@graph":[{"@type":"WebPage","@id":"https:\/\/annalenastaxi.se\/?page_id=110","url":"https:\/\/annalenastaxi.se\/?page_id=110","name":"Boka Oss - +46 485-565510 - Till, p\u00e5 eller fr\u00e5n vackra \u00d6land.","isPartOf":{"@id":"https:\/\/annalenastaxi.se\/#website"},"datePublished":"2021-06-28T12:29:13+00:00","dateModified":"2025-03-13T08:17:22+00:00","description":"H\u00e4r kan du boka din n\u00e4sta resa. Vi tar bokningar p\u00e5 hela \u00d6land och ni kan \u00e4ven f\u00f6rboka oss till era olika upplevelser.","breadcrumb":{"@id":"https:\/\/annalenastaxi.se\/?page_id=110#breadcrumb"},"inLanguage":"sv-SE","potentialAction":[{"@type":"ReadAction","target":["https:\/\/annalenastaxi.se\/?page_id=110"]}]},{"@type":"BreadcrumbList","@id":"https:\/\/annalenastaxi.se\/?page_id=110#breadcrumb","itemListElement":[{"@type":"ListItem","position":1,"name":"Hem","item":"https:\/\/annalenastaxi.se\/"},{"@type":"ListItem","position":2,"name":"Kontaktformul\u00e4r"}]},{"@type":"WebSite","@id":"https:\/\/annalenastaxi.se\/#website","url":"https:\/\/annalenastaxi.se\/","name":"Anna-Lenas Taxi","description":"","potentialAction":[{"@type":"SearchAction","target":{"@type":"EntryPoint","urlTemplate":"https:\/\/annalenastaxi.se\/?s={search_term_string}"},"query-input":{"@type":"PropertyValueSpecification","valueRequired":true,"valueName":"search_term_string"}}],"inLanguage":"sv-SE"}]}},"_links":{"self":[{"href":"https:\/\/annalenastaxi.se\/index.php?rest_route=\/wp\/v2\/pages\/110","targetHints":{"allow":["GET"]}}],"collection":[{"href":"https:\/\/annalenastaxi.se\/index.php?rest_route=\/wp\/v2\/pages"}],"about":[{"href":"https:\/\/annalenastaxi.se\/index.php?rest_route=\/wp\/v2\/types\/page"}],"author":[{"embeddable":true,"href":"https:\/\/annalenastaxi.se\/index.php?rest_route=\/wp\/v2\/users\/1"}],"replies":[{"embeddable":true,"href":"https:\/\/annalenastaxi.se\/index.php?rest_route=%2Fwp%2Fv2%2Fcomments&post=110"}],"version-history":[{"count":19,"href":"https:\/\/annalenastaxi.se\/index.php?rest_route=\/wp\/v2\/pages\/110\/revisions"}],"predecessor-version":[{"id":168,"href":"https:\/\/annalenastaxi.se\/index.php?rest_route=\/wp\/v2\/pages\/110\/revisions\/168"}],"wp:attachment":[{"href":"https:\/\/annalenastaxi.se\/index.php?rest_route=%2Fwp%2Fv2%2Fmedia&parent=110"}],"curies":[{"name":"wp","href":"https:\/\/api.w.org\/{rel}","templated":true}]}}